{"id":499,"date":"2023-09-29T10:21:24","date_gmt":"2023-09-29T13:21:24","guid":{"rendered":"https:\/\/titask.piso29.cl\/?page_id=499"},"modified":"2024-04-18T04:32:15","modified_gmt":"2024-04-18T07:32:15","slug":"blog","status":"publish","type":"page","link":"https:\/\/titask.com\/co\/blog\/","title":{"rendered":"Blog"},"content":{"rendered":"<div data-elementor-type=\"wp-page\" data-elementor-id=\"499\" class=\"elementor elementor-499\" data-elementor-post-type=\"page\">\n\t\t\t\t<div class=\"elementor-element elementor-element-90f6196 e-flex e-con-boxed e-con e-parent\" data-id=\"90f6196\" data-element_type=\"container\" data-settings=\"{&quot;content_width&quot;:&quot;boxed&quot;}\" data-core-v316-plus=\"true\">\n\t\t\t\t\t<div class=\"e-con-inner\">\n\t\t<div class=\"elementor-element elementor-element-07da7a9 e-con-full e-flex e-con e-child\" data-id=\"07da7a9\" data-element_type=\"container\" data-settings=\"{&quot;content_width&quot;:&quot;full&quot;}\">\n\t\t\t\t<div class=\"elementor-element elementor-element-c793a6a elementor-widget elementor-widget-heading\" data-id=\"c793a6a\" data-element_type=\"widget\" data-widget_type=\"heading.default\">\n\t\t\t\t<div class=\"elementor-widget-container\">\n\t\t\t<style>\/*! elementor - v3.19.0 - 29-01-2024 *\/\n.elementor-heading-title{padding:0;margin:0;line-height:1}.elementor-widget-heading .elementor-heading-title[class*=elementor-size-]>a{color:inherit;font-size:inherit;line-height:inherit}.elementor-widget-heading .elementor-heading-title.elementor-size-small{font-size:15px}.elementor-widget-heading .elementor-heading-title.elementor-size-medium{font-size:19px}.elementor-widget-heading .elementor-heading-title.elementor-size-large{font-size:29px}.elementor-widget-heading .elementor-heading-title.elementor-size-xl{font-size:39px}.elementor-widget-heading .elementor-heading-title.elementor-size-xxl{font-size:59px}<\/style><h1 class=\"elementor-heading-title elementor-size-default\">Tendencias de trabajo flexible<\/h1>\t\t<\/div>\n\t\t\t\t<\/div>\n\t\t\t\t<div class=\"elementor-element elementor-element-88811a9 elementor-widget elementor-widget-heading\" data-id=\"88811a9\" data-element_type=\"widget\" data-widget_type=\"heading.default\">\n\t\t\t\t<div class=\"elementor-widget-container\">\n\t\t\t<p class=\"elementor-heading-title elementor-size-default\">Explora las \u00faltimas tendencias de trabajo flexible y las cifras de Staffing On Demand m\u00e1s relevantes del mercado.<\/p>\t\t<\/div>\n\t\t\t\t<\/div>\n\t\t\t\t<div class=\"elementor-element elementor-element-67c8f65 elementor-align-left elementor-widget elementor-widget-button\" data-id=\"67c8f65\" data-element_type=\"widget\" data-widget_type=\"button.default\">\n\t\t\t\t<div class=\"elementor-widget-container\">\n\t\t\t\t\t<div class=\"elementor-button-wrapper\">\n\t\t\t<a class=\"elementor-button elementor-button-link elementor-size-sm\" href=\"#noticias\">\n\t\t\t\t\t\t<span class=\"elementor-button-content-wrapper\">\n\t\t\t\t\t\t<span class=\"elementor-button-text\">Articulos<\/span>\n\t\t<\/span>\n\t\t\t\t\t<\/a>\n\t\t<\/div>\n\t\t\t\t<\/div>\n\t\t\t\t<\/div>\n\t\t\t\t<\/div>\n\t\t<div class=\"elementor-element elementor-element-2d6b518 e-con-full e-flex e-con e-child\" data-id=\"2d6b518\" data-element_type=\"container\" data-settings=\"{&quot;content_width&quot;:&quot;full&quot;}\">\n\t\t\t\t<div class=\"elementor-element elementor-element-61bd6c5 elementor-invisible elementor-widget elementor-widget-image\" data-id=\"61bd6c5\" data-element_type=\"widget\" data-settings=\"{&quot;_animation&quot;:&quot;fadeIn&quot;}\" data-widget_type=\"image.default\">\n\t\t\t\t<div class=\"elementor-widget-container\">\n\t\t\t<style>\/*! elementor - v3.19.0 - 29-01-2024 *\/\n.elementor-widget-image{text-align:center}.elementor-widget-image a{display:inline-block}.elementor-widget-image a img[src$=\".svg\"]{width:48px}.elementor-widget-image img{vertical-align:middle;display:inline-block}<\/style>\t\t\t\t\t\t\t\t\t\t<img fetchpriority=\"high\" decoding=\"async\" width=\"500\" height=\"466\" src=\"https:\/\/titask.com\/wp-content\/uploads\/2024\/02\/vitrinatitask.png\" class=\"attachment-full size-full wp-image-3384\" alt=\"blog titask\" srcset=\"https:\/\/titask.com\/wp-content\/uploads\/2024\/02\/vitrinatitask.png 500w, https:\/\/titask.com\/wp-content\/uploads\/2024\/02\/vitrinatitask-300x280.png 300w\" sizes=\"(max-width: 500px) 100vw, 500px\" \/>\t\t\t\t\t\t\t\t\t\t\t\t\t<\/div>\n\t\t\t\t<\/div>\n\t\t\t\t<\/div>\n\t\t\t\t\t<\/div>\n\t\t\t\t<\/div>\n\t\t<div class=\"elementor-element elementor-element-fda1289 e-flex e-con-boxed e-con e-parent\" data-id=\"fda1289\" data-element_type=\"container\" id=\"noticias\" data-settings=\"{&quot;background_background&quot;:&quot;classic&quot;,&quot;content_width&quot;:&quot;boxed&quot;}\" data-core-v316-plus=\"true\">\n\t\t\t\t\t<div class=\"e-con-inner\">\n\t\t<div class=\"elementor-element elementor-element-217fc14 e-con-full e-flex e-con e-child\" data-id=\"217fc14\" data-element_type=\"container\" data-settings=\"{&quot;content_width&quot;:&quot;full&quot;}\">\n\t\t\t\t<div class=\"elementor-element elementor-element-bdb677d elementor-widget elementor-widget-heading\" data-id=\"bdb677d\" data-element_type=\"widget\" data-widget_type=\"heading.default\">\n\t\t\t\t<div class=\"elementor-widget-container\">\n\t\t\t<h2 class=\"elementor-heading-title elementor-size-default\">Noticias<\/h2>\t\t<\/div>\n\t\t\t\t<\/div>\n\t\t\t\t<div class=\"elementor-element elementor-element-6e77e6b elementor-search-form--skin-minimal elementor-widget__width-initial elementor-widget elementor-widget-search-form\" data-id=\"6e77e6b\" data-element_type=\"widget\" data-settings=\"{&quot;skin&quot;:&quot;minimal&quot;}\" data-widget_type=\"search-form.default\">\n\t\t\t\t<div class=\"elementor-widget-container\">\n\t\t\t<link rel=\"stylesheet\" href=\"https:\/\/titask.com\/wp-content\/plugins\/elementor-pro\/assets\/css\/widget-theme-elements.min.css\">\t\t<search role=\"search\">\n\t\t\t<form class=\"elementor-search-form\" action=\"https:\/\/titask.com\/co\" method=\"get\" data-trp-original-action=\"https:\/\/titask.com\/co\">\n\t\t\t\t\t\t\t\t\t\t\t\t<div class=\"elementor-search-form__container\">\n\t\t\t\t\t<label class=\"elementor-screen-only\" for=\"elementor-search-form-6e77e6b\">Search<\/label>\n\n\t\t\t\t\t\t\t\t\t\t\t<div class=\"elementor-search-form__icon\">\n\t\t\t\t\t\t\t<i aria-hidden=\"true\" class=\"fas fa-search\"><\/i>\t\t\t\t\t\t\t<span class=\"elementor-screen-only\">Search<\/span>\n\t\t\t\t\t\t<\/div>\n\t\t\t\t\t\n\t\t\t\t\t<input id=\"elementor-search-form-6e77e6b\" placeholder=\"Buscar...\" class=\"elementor-search-form__input\" type=\"search\" name=\"s\" value=\"\">\n\t\t\t\t\t\n\t\t\t\t\t\n\t\t\t\t\t\t\t\t\t<\/div>\n\t\t\t<input type=\"hidden\" name=\"trp-form-language\" value=\"co\"\/><\/form>\n\t\t<\/search>\n\t\t\t\t<\/div>\n\t\t\t\t<\/div>\n\t\t\t\t<div class=\"elementor-element elementor-element-2b7aeb0 elementor-widget elementor-widget-spacer\" data-id=\"2b7aeb0\" data-element_type=\"widget\" data-widget_type=\"spacer.default\">\n\t\t\t\t<div class=\"elementor-widget-container\">\n\t\t\t<style>\/*! elementor - v3.19.0 - 29-01-2024 *\/\n.elementor-column .elementor-spacer-inner{height:var(--spacer-size)}.e-con{--container-widget-width:100%}.e-con-inner>.elementor-widget-spacer,.e-con>.elementor-widget-spacer{width:var(--container-widget-width,var(--spacer-size));--align-self:var(--container-widget-align-self,initial);--flex-shrink:0}.e-con-inner>.elementor-widget-spacer>.elementor-widget-container,.e-con>.elementor-widget-spacer>.elementor-widget-container{height:100%;width:100%}.e-con-inner>.elementor-widget-spacer>.elementor-widget-container>.elementor-spacer,.e-con>.elementor-widget-spacer>.elementor-widget-container>.elementor-spacer{height:100%}.e-con-inner>.elementor-widget-spacer>.elementor-widget-container>.elementor-spacer>.elementor-spacer-inner,.e-con>.elementor-widget-spacer>.elementor-widget-container>.elementor-spacer>.elementor-spacer-inner{height:var(--container-widget-height,var(--spacer-size))}.e-con-inner>.elementor-widget-spacer.elementor-widget-empty,.e-con>.elementor-widget-spacer.elementor-widget-empty{position:relative;min-height:22px;min-width:22px}.e-con-inner>.elementor-widget-spacer.elementor-widget-empty .elementor-widget-empty-icon,.e-con>.elementor-widget-spacer.elementor-widget-empty .elementor-widget-empty-icon{position:absolute;top:0;bottom:0;left:0;right:0;margin:auto;padding:0;width:22px;height:22px}<\/style>\t\t<div class=\"elementor-spacer\">\n\t\t\t<div class=\"elementor-spacer-inner\"><\/div>\n\t\t<\/div>\n\t\t\t\t<\/div>\n\t\t\t\t<\/div>\n\t\t\t\t<div class=\"elementor-element elementor-element-064950f elementor-widget elementor-widget-shortcode\" data-id=\"064950f\" data-element_type=\"widget\" data-widget_type=\"shortcode.default\">\n\t\t\t\t<div class=\"elementor-widget-container\">\n\t\t\t\t\t<div class=\"elementor-shortcode\">La URL no coincide con ninguna opci\u00f3n<\/div>\n\t\t\t\t<\/div>\n\t\t\t\t<\/div>\n\t\t\t\t<div class=\"elementor-element elementor-element-01bacc9 elementor-absolute elementor-widget elementor-widget-accordion\" data-id=\"01bacc9\" data-element_type=\"widget\" data-settings=\"{&quot;_position&quot;:&quot;absolute&quot;}\" data-widget_type=\"accordion.default\">\n\t\t\t\t<div class=\"elementor-widget-container\">\n\t\t\t<style>\/*! elementor - v3.19.0 - 29-01-2024 *\/\n.elementor-accordion{text-align:left}.elementor-accordion .elementor-accordion-item{border:1px solid #d5d8dc}.elementor-accordion .elementor-accordion-item+.elementor-accordion-item{border-top:none}.elementor-accordion .elementor-tab-title{margin:0;padding:15px 20px;font-weight:700;line-height:1;cursor:pointer;outline:none}.elementor-accordion .elementor-tab-title .elementor-accordion-icon{display:inline-block;width:1.5em}.elementor-accordion .elementor-tab-title .elementor-accordion-icon svg{width:1em;height:1em}.elementor-accordion .elementor-tab-title .elementor-accordion-icon.elementor-accordion-icon-right{float:right;text-align:right}.elementor-accordion .elementor-tab-title .elementor-accordion-icon.elementor-accordion-icon-left{float:left;text-align:left}.elementor-accordion .elementor-tab-title .elementor-accordion-icon .elementor-accordion-icon-closed{display:block}.elementor-accordion .elementor-tab-title .elementor-accordion-icon .elementor-accordion-icon-opened,.elementor-accordion .elementor-tab-title.elementor-active .elementor-accordion-icon-closed{display:none}.elementor-accordion .elementor-tab-title.elementor-active .elementor-accordion-icon-opened{display:block}.elementor-accordion .elementor-tab-content{display:none;padding:15px 20px;border-top:1px solid #d5d8dc}@media (max-width:767px){.elementor-accordion .elementor-tab-title{padding:12px 15px}.elementor-accordion .elementor-tab-title .elementor-accordion-icon{width:1.2em}.elementor-accordion .elementor-tab-content{padding:7px 15px}}.e-con-inner>.elementor-widget-accordion,.e-con>.elementor-widget-accordion{width:var(--container-widget-width);--flex-grow:var(--container-widget-flex-grow)}<\/style>\t\t<div class=\"elementor-accordion\">\n\t\t\t\t\t\t\t<div class=\"elementor-accordion-item\">\n\t\t\t\t\t<div id=\"elementor-tab-title-1811\" class=\"elementor-tab-title\" data-tab=\"1\" role=\"button\" aria-controls=\"elementor-tab-content-1811\" aria-expanded=\"false\">\n\t\t\t\t\t\t\t\t\t\t\t\t\t<span class=\"elementor-accordion-icon elementor-accordion-icon-left\" aria-hidden=\"true\">\n\t\t\t\t\t\t\t\t\t\t\t\t\t\t\t<span class=\"elementor-accordion-icon-closed\"><i class=\"fas fa-plus\"><\/i><\/span>\n\t\t\t\t\t\t\t\t<span class=\"elementor-accordion-icon-opened\"><i class=\"fas fa-minus\"><\/i><\/span>\n\t\t\t\t\t\t\t\t\t\t\t\t\t\t<\/span>\n\t\t\t\t\t\t\t\t\t\t\t\t<a class=\"elementor-accordion-title\" tabindex=\"0\">Acorde\u00f3n #1<\/a>\n\t\t\t\t\t<\/div>\n\t\t\t\t\t<div id=\"elementor-tab-content-1811\" class=\"elementor-tab-content elementor-clearfix\" data-tab=\"1\" role=\"region\" aria-labelledby=\"elementor-tab-title-1811\"><p>En el din\u00e1mico mundo de los Recursos Humanos (RR.HH) y el Retail, estar al tanto de las tendencias del mercado es fundamental para el \u00e9xito empresarial. La constante evoluci\u00f3n tecnol\u00f3gica y los cambios en las preferencias del consumidor hacen que la adaptaci\u00f3n sea clave para mantenerse relevante en estos sectores altamente competitivos.<\/p><p>Informarse sobre las principales tendencias del mercado de RR.HH y el Retail es m\u00e1s que una sugerencia, es una necesidad. La digitalizaci\u00f3n y la automatizaci\u00f3n est\u00e1n transformando la forma en que las empresas gestionan su capital humano y su cadena de suministro. Desde la implementaci\u00f3n de sistemas de gesti\u00f3n de talento hasta el uso de inteligencia artificial para mejorar la experiencia del cliente, las empresas est\u00e1n explorando nuevas formas de optimizar sus operaciones.<\/p><p>Acceder a cifras actualizadas, noticias relevantes y casos de \u00e9xito es fundamental para tomar decisiones informadas. Estas cifras proporcionan una visi\u00f3n clara de la direcci\u00f3n en la que se mueve el mercado, mientras que las noticias mantienen a los profesionales al tanto de los eventos y cambios significativos que podr\u00edan afectar sus estrategias comerciales. Los casos de \u00e9xito ofrecen ejemplos concretos de c\u00f3mo otras empresas han abordado los desaf\u00edos y han logrado resultados positivos, sirviendo de inspiraci\u00f3n y gu\u00eda para aquellos que buscan mejorar sus propias pr\u00e1cticas empresariales.<\/p><p>En el \u00e1mbito de RR.HH, las tendencias actuales incluyen el enfoque en el bienestar de los empleados, la diversidad e inclusi\u00f3n en el lugar de trabajo y el uso de herramientas de an\u00e1lisis de datos para tomar decisiones m\u00e1s informadas sobre la contrataci\u00f3n y retenci\u00f3n de talento. En el Retail, la personalizaci\u00f3n de la experiencia del cliente, la integraci\u00f3n de canales de venta omnicanal y la sostenibilidad son \u00e1reas clave en las que las empresas est\u00e1n buscando destacarse.<\/p><p>En resumen, estar al tanto de las tendencias del mercado de RR.HH y el Retail es esencial para el \u00e9xito empresarial en estos sectores en constante cambio. Mantenerse informado y adaptarse a las nuevas realidades del mercado garantizar\u00e1 que las empresas puedan prosperar en un entorno empresarial cada vez m\u00e1s competitivo y exigente. Esto implica estar constantemente al tanto de las \u00faltimas tendencias y evoluciones en la gesti\u00f3n de recursos humanos y la industria minorista, lo que proporciona una ventaja competitiva invaluable para aquellos que lo hacen.<\/p><\/div>\n\t\t\t\t<\/div>\n\t\t\t\t\t\t\t\t<\/div>\n\t\t\t\t<\/div>\n\t\t\t\t<\/div>\n\t\t\t\t<\/div>\n\t\t\t\t\t<\/div>\n\t\t\t\t<\/div>\n\t\t\t\t<\/div>","protected":false},"excerpt":{"rendered":"<p>En el din\u00e1mico mundo de los Recursos Humanos (RR.HH) y el Retail, estar al tanto de las tendencias del mercado es fundamental para el \u00e9xito empresarial. La constante evoluci\u00f3n tecnol\u00f3gica y los cambios en las preferencias del consumidor hacen que la adaptaci\u00f3n sea clave para mantenerse relevante en estos sectores altamente competitivos.<\/p>\n<p>Informarse sobre las principales tendencias del mercado de RR.HH y el Retail es m\u00e1s que una sugerencia, es una necesidad. La digitalizaci\u00f3n y la automatizaci\u00f3n est\u00e1n transformando la forma en que las empresas gestionan su capital humano y su cadena de suministro. Desde la implementaci\u00f3n de sistemas de gesti\u00f3n de talento hasta el uso de inteligencia artificial para mejorar la experiencia del cliente, las empresas est\u00e1n explorando nuevas formas de optimizar sus operaciones.<\/p>\n<p>Acceder a cifras actualizadas, noticias relevantes y casos de \u00e9xito es fundamental para tomar decisiones informadas. Estas cifras proporcionan una visi\u00f3n clara de la direcci\u00f3n en la que se mueve el mercado, mientras que las noticias mantienen a los profesionales al tanto de los eventos y cambios significativos que podr\u00edan afectar sus estrategias comerciales. Los casos de \u00e9xito ofrecen ejemplos concretos de c\u00f3mo otras empresas han abordado los desaf\u00edos y han logrado resultados positivos, sirviendo de inspiraci\u00f3n y gu\u00eda para aquellos que buscan mejorar sus propias pr\u00e1cticas empresariales.<\/p>\n<p>En el \u00e1mbito de RR.HH, las tendencias actuales incluyen el enfoque en el bienestar de los empleados, la diversidad e inclusi\u00f3n en el lugar de trabajo y el uso de herramientas de an\u00e1lisis de datos para tomar decisiones m\u00e1s informadas sobre la contrataci\u00f3n y retenci\u00f3n de talento. En el Retail, la personalizaci\u00f3n de la experiencia del cliente, la integraci\u00f3n de canales de venta omnicanal y la sostenibilidad son \u00e1reas clave en las que las empresas est\u00e1n buscando destacarse.<\/p>\n<p>En resumen, estar al tanto de las tendencias del mercado de RR.HH y el Retail es esencial para el \u00e9xito empresarial en estos sectores en constante cambio. Mantenerse informado y adaptarse a las nuevas realidades del mercado garantizar\u00e1 que las empresas puedan prosperar en un entorno empresarial cada vez m\u00e1s competitivo y exigente.<\/p>","protected":false},"author":1,"featured_media":1985,"parent":0,"menu_order":0,"comment_status":"closed","ping_status":"closed","template":"","meta":{"content-type":"","inline_featured_image":false,"two_page_speed":[],"footnotes":""},"class_list":["post-499","page","type-page","status-publish","has-post-thumbnail","hentry"],"yoast_head":"<!-- This site is optimized with the Yoast SEO Premium plugin v22.0 (Yoast SEO v22.0) - https:\/\/yoast.com\/wordpress\/plugins\/seo\/ -->\n<title>Blog | Tendencias de trabajo flexible y staffing on demand<\/title>\n<meta name=\"description\" content=\"Explora las \u00faltimas tendencias de trabajo flexible y las cifras de Staffing On Demand m\u00e1s relevantes del mercado \u00a1Conoce nuestro blog!\" \/>\n<meta name=\"robots\" content=\"index, nofollow, max-snippet:-1, max-image-preview:large, max-video-preview:-1\" \/>\n<link rel=\"canonical\" href=\"https:\/\/titask.com\/co\/blog\/\" \/>\n<meta property=\"og:locale\" content=\"es_ES\" \/>\n<meta property=\"og:type\" content=\"article\" \/>\n<meta property=\"og:title\" content=\"Blog\" \/>\n<meta property=\"og:description\" content=\"Explora las \u00faltimas tendencias de trabajo flexible y las cifras de Staffing On Demand m\u00e1s relevantes del mercado \u00a1Conoce nuestro blog!\" \/>\n<meta property=\"og:url\" content=\"https:\/\/titask.com\/co\/blog\/\" \/>\n<meta property=\"og:site_name\" content=\"Titask: Staffing On Demand | Personal solo cuando lo necesitas\" \/>\n<meta property=\"article:publisher\" content=\"https:\/\/www.facebook.com\/Touchtask.cl\/?locale=es_LA\" \/>\n<meta property=\"article:modified_time\" content=\"2024-04-18T07:32:15+00:00\" \/>\n<meta property=\"og:image\" content=\"https:\/\/titask.com\/wp-content\/uploads\/2023\/11\/super2.png\" \/>\n\t<meta property=\"og:image:width\" content=\"679\" \/>\n\t<meta property=\"og:image:height\" content=\"707\" \/>\n\t<meta property=\"og:image:type\" content=\"image\/png\" \/>\n<meta name=\"twitter:card\" content=\"summary_large_image\" \/>\n<meta name=\"twitter:label1\" content=\"Tiempo estimado de lectura\" \/>\n\t<meta name=\"twitter:data1\" content=\"3 minutos\" \/>\n<script type=\"application\/ld+json\" class=\"yoast-schema-graph\">{\"@context\":\"https:\/\/schema.org\",\"@graph\":[{\"@type\":\"WebPage\",\"@id\":\"https:\/\/titask.com\/blog\/\",\"url\":\"https:\/\/titask.com\/blog\/\",\"name\":\"Blog | Tendencias de trabajo flexible y staffing on demand\",\"isPartOf\":{\"@id\":\"https:\/\/titask.com\/#website\"},\"datePublished\":\"2023-09-29T13:21:24+00:00\",\"dateModified\":\"2024-04-18T07:32:15+00:00\",\"description\":\"Explora las \u00faltimas tendencias de trabajo flexible y las cifras de Staffing On Demand m\u00e1s relevantes del mercado \u00a1Conoce nuestro blog!\",\"breadcrumb\":{\"@id\":\"https:\/\/titask.com\/blog\/#breadcrumb\"},\"inLanguage\":\"es-CO\",\"potentialAction\":[{\"@type\":\"ReadAction\",\"target\":[\"https:\/\/titask.com\/blog\/\"]}]},{\"@type\":\"BreadcrumbList\",\"@id\":\"https:\/\/titask.com\/blog\/#breadcrumb\",\"itemListElement\":[{\"@type\":\"ListItem\",\"position\":1,\"name\":\"Portada\",\"item\":\"https:\/\/titask.com\/\"},{\"@type\":\"ListItem\",\"position\":2,\"name\":\"Blog\"}]},{\"@type\":\"WebSite\",\"@id\":\"https:\/\/titask.com\/#website\",\"url\":\"https:\/\/titask.com\/\",\"name\":\"Titask: Staffing On Demand | Personal solo cuando lo necesitas\",\"description\":\"Ofrecemos servicios de Staffing On Demand para realizar tareas orientadas a solucionar tus principales problem\u00e1ticas operacionales.\",\"publisher\":{\"@id\":\"https:\/\/titask.com\/#organization\"},\"potentialAction\":[{\"@type\":\"SearchAction\",\"target\":{\"@type\":\"EntryPoint\",\"urlTemplate\":\"https:\/\/titask.com\/?s={search_term_string}\"},\"query-input\":\"required name=search_term_string\"}],\"inLanguage\":\"es-CO\"},{\"@type\":\"Organization\",\"@id\":\"https:\/\/titask.com\/#organization\",\"name\":\"Titask: Staffing On Demand | Personal solo cuando lo necesitas\",\"url\":\"https:\/\/titask.com\/\",\"logo\":{\"@type\":\"ImageObject\",\"inLanguage\":\"es-CO\",\"@id\":\"https:\/\/titask.com\/#\/schema\/logo\/image\/\",\"url\":\"https:\/\/titask.com\/wp-content\/uploads\/2023\/09\/TITASK-2.png\",\"contentUrl\":\"https:\/\/titask.com\/wp-content\/uploads\/2023\/09\/TITASK-2.png\",\"width\":1542,\"height\":535,\"caption\":\"Titask: Staffing On Demand | Personal solo cuando lo necesitas\"},\"image\":{\"@id\":\"https:\/\/titask.com\/#\/schema\/logo\/image\/\"},\"sameAs\":[\"https:\/\/www.facebook.com\/Touchtask.cl\/?locale=es_LA\"]}]}<\/script>\n<!-- \/ Yoast SEO Premium plugin. -->","yoast_head_json":{"title":"Blog | Tendencias de trabajo flexible y staffing on demand","description":"Explora las \u00faltimas tendencias de trabajo flexible y las cifras de Staffing On Demand m\u00e1s relevantes del mercado \u00a1Conoce nuestro blog!","robots":{"index":"index","follow":"nofollow","max-snippet":"max-snippet:-1","max-image-preview":"max-image-preview:large","max-video-preview":"max-video-preview:-1"},"canonical":"https:\/\/titask.com\/co\/blog\/","og_locale":"es_ES","og_type":"article","og_title":"Blog","og_description":"Explora las \u00faltimas tendencias de trabajo flexible y las cifras de Staffing On Demand m\u00e1s relevantes del mercado \u00a1Conoce nuestro blog!","og_url":"https:\/\/titask.com\/co\/blog\/","og_site_name":"Titask: Staffing On Demand | Personal solo cuando lo necesitas","article_publisher":"https:\/\/www.facebook.com\/Touchtask.cl\/?locale=es_LA","article_modified_time":"2024-04-18T07:32:15+00:00","og_image":[{"width":679,"height":707,"url":"https:\/\/titask.com\/wp-content\/uploads\/2023\/11\/super2.png","type":"image\/png"}],"twitter_card":"summary_large_image","twitter_misc":{"Tiempo estimado de lectura":"3 minutos"},"schema":{"@context":"https:\/\/schema.org","@graph":[{"@type":"WebPage","@id":"https:\/\/titask.com\/blog\/","url":"https:\/\/titask.com\/blog\/","name":"Blog | Tendencias de trabajo flexible y staffing on demand","isPartOf":{"@id":"https:\/\/titask.com\/#website"},"datePublished":"2023-09-29T13:21:24+00:00","dateModified":"2024-04-18T07:32:15+00:00","description":"Explora las \u00faltimas tendencias de trabajo flexible y las cifras de Staffing On Demand m\u00e1s relevantes del mercado \u00a1Conoce nuestro blog!","breadcrumb":{"@id":"https:\/\/titask.com\/blog\/#breadcrumb"},"inLanguage":"es-CO","potentialAction":[{"@type":"ReadAction","target":["https:\/\/titask.com\/blog\/"]}]},{"@type":"BreadcrumbList","@id":"https:\/\/titask.com\/blog\/#breadcrumb","itemListElement":[{"@type":"ListItem","position":1,"name":"Portada","item":"https:\/\/titask.com\/"},{"@type":"ListItem","position":2,"name":"Blog"}]},{"@type":"WebSite","@id":"https:\/\/titask.com\/#website","url":"https:\/\/titask.com\/","name":"Titask: Staffing On Demand | Personal solo cuando lo necesitas","description":"Ofrecemos servicios de Staffing On Demand para realizar tareas orientadas a solucionar tus principales problem\u00e1ticas operacionales.","publisher":{"@id":"https:\/\/titask.com\/#organization"},"potentialAction":[{"@type":"SearchAction","target":{"@type":"EntryPoint","urlTemplate":"https:\/\/titask.com\/?s={search_term_string}"},"query-input":"required name=search_term_string"}],"inLanguage":"es-CO"},{"@type":"Organization","@id":"https:\/\/titask.com\/#organization","name":"Titask: Staffing On Demand | Personal solo cuando lo necesitas","url":"https:\/\/titask.com\/","logo":{"@type":"ImageObject","inLanguage":"es-CO","@id":"https:\/\/titask.com\/#\/schema\/logo\/image\/","url":"https:\/\/titask.com\/wp-content\/uploads\/2023\/09\/TITASK-2.png","contentUrl":"https:\/\/titask.com\/wp-content\/uploads\/2023\/09\/TITASK-2.png","width":1542,"height":535,"caption":"Titask: Staffing On Demand | Personal solo cuando lo necesitas"},"image":{"@id":"https:\/\/titask.com\/#\/schema\/logo\/image\/"},"sameAs":["https:\/\/www.facebook.com\/Touchtask.cl\/?locale=es_LA"]}]}},"_links":{"self":[{"href":"https:\/\/titask.com\/co\/wp-json\/wp\/v2\/pages\/499","targetHints":{"allow":["GET"]}}],"collection":[{"href":"https:\/\/titask.com\/co\/wp-json\/wp\/v2\/pages"}],"about":[{"href":"https:\/\/titask.com\/co\/wp-json\/wp\/v2\/types\/page"}],"author":[{"embeddable":true,"href":"https:\/\/titask.com\/co\/wp-json\/wp\/v2\/users\/1"}],"replies":[{"embeddable":true,"href":"https:\/\/titask.com\/co\/wp-json\/wp\/v2\/comments?post=499"}],"version-history":[{"count":107,"href":"https:\/\/titask.com\/co\/wp-json\/wp\/v2\/pages\/499\/revisions"}],"predecessor-version":[{"id":4272,"href":"https:\/\/titask.com\/co\/wp-json\/wp\/v2\/pages\/499\/revisions\/4272"}],"wp:featuredmedia":[{"embeddable":true,"href":"https:\/\/titask.com\/co\/wp-json\/wp\/v2\/media\/1985"}],"wp:attachment":[{"href":"https:\/\/titask.com\/co\/wp-json\/wp\/v2\/media?parent=499"}],"curies":[{"name":"wp","href":"https:\/\/api.w.org\/{rel}","templated":true}]}}