{"id":4370,"date":"2024-05-30T17:36:01","date_gmt":"2024-05-30T20:36:01","guid":{"rendered":"https:\/\/titask.com\/?page_id=4370"},"modified":"2024-06-05T14:13:31","modified_gmt":"2024-06-05T17:13:31","slug":"politicas-de-privacidad","status":"publish","type":"page","link":"https:\/\/titask.com\/pe\/politicas-de-privacidad\/","title":{"rendered":"Pol\u00edticas de privacidad"},"content":{"rendered":"<div data-elementor-type=\"wp-page\" data-elementor-id=\"4370\" class=\"elementor elementor-4370\" data-elementor-post-type=\"page\">\n\t\t\t\t<div class=\"elementor-element elementor-element-849f8e6 e-flex e-con-boxed e-con e-parent\" data-id=\"849f8e6\" data-element_type=\"container\" data-settings=\"{&quot;content_width&quot;:&quot;boxed&quot;}\" data-core-v316-plus=\"true\">\n\t\t\t\t\t<div class=\"e-con-inner\">\n\t\t\t\t<div class=\"elementor-element elementor-element-8c11296 elementor-widget elementor-widget-heading\" data-id=\"8c11296\" data-element_type=\"widget\" data-widget_type=\"heading.default\">\n\t\t\t\t<div class=\"elementor-widget-container\">\n\t\t\t<style>\/*! elementor - v3.19.0 - 29-01-2024 *\/\n.elementor-heading-title{padding:0;margin:0;line-height:1}.elementor-widget-heading .elementor-heading-title[class*=elementor-size-]>a{color:inherit;font-size:inherit;line-height:inherit}.elementor-widget-heading .elementor-heading-title.elementor-size-small{font-size:15px}.elementor-widget-heading .elementor-heading-title.elementor-size-medium{font-size:19px}.elementor-widget-heading .elementor-heading-title.elementor-size-large{font-size:29px}.elementor-widget-heading .elementor-heading-title.elementor-size-xl{font-size:39px}.elementor-widget-heading .elementor-heading-title.elementor-size-xxl{font-size:59px}<\/style><h1 class=\"elementor-heading-title elementor-size-default\">Pol\u00edticas de Privacidad<br>titask.com<\/h1>\t\t<\/div>\n\t\t\t\t<\/div>\n\t\t\t\t\t<\/div>\n\t\t\t\t<\/div>\n\t\t<div class=\"elementor-element elementor-element-69eb12e e-flex e-con-boxed e-con e-parent\" data-id=\"69eb12e\" data-element_type=\"container\" data-settings=\"{&quot;content_width&quot;:&quot;boxed&quot;}\" data-core-v316-plus=\"true\">\n\t\t\t\t\t<div class=\"e-con-inner\">\n\t\t\t\t<div class=\"elementor-element elementor-element-47261f4 elementor-widget elementor-widget-text-editor\" data-id=\"47261f4\" data-element_type=\"widget\" data-widget_type=\"text-editor.default\">\n\t\t\t\t<div class=\"elementor-widget-container\">\n\t\t\t<style>\/*! elementor - v3.19.0 - 29-01-2024 *\/\n.elementor-widget-text-editor.elementor-drop-cap-view-stacked .elementor-drop-cap{background-color:#69727d;color:#fff}.elementor-widget-text-editor.elementor-drop-cap-view-framed .elementor-drop-cap{color:#69727d;border:3px solid;background-color:transparent}.elementor-widget-text-editor:not(.elementor-drop-cap-view-default) .elementor-drop-cap{margin-top:8px}.elementor-widget-text-editor:not(.elementor-drop-cap-view-default) .elementor-drop-cap-letter{width:1em;height:1em}.elementor-widget-text-editor .elementor-drop-cap{float:left;text-align:center;line-height:1;font-size:50px}.elementor-widget-text-editor .elementor-drop-cap-letter{display:inline-block}<\/style>\t\t\t\t<p>De conformidad a lo dispuesto en el art\u00edculo 19 N\u00ba 4 de la Constituci\u00f3n Pol\u00edtica de la Rep\u00fablica y la Ley N\u00ba 19.628 sobre \u201cProtecci\u00f3n de datos de car\u00e1cter personal\u201d se establecen e informan las siguientes Pol\u00edticas de Privacidad, en adelante la \u201cPol\u00edtica\u201d, aplicables al uso del sitio web <a href=\"https:\/\/titask.com\/pe\/\" target=\"_blank\" rel=\"noopener\">https:\/\/titask.com<\/a><\/p><p><span style=\"text-align: var(--text-align);\">El objetivo de esta Pol\u00edtica es el resguardar la seguridad, confidencialidad y privacidad del usuario y\/o visitante de este sitio.<\/span><\/p><p><span style=\"text-align: var(--text-align);\">Estas pol\u00edticas tienen por finalidad asegurar la correcta utilizaci\u00f3n de la informaci\u00f3n recopilada a trav\u00e9s de las visitas de este sitio y de sus contenidos.<\/span><\/p>\t\t\t\t\t\t<\/div>\n\t\t\t\t<\/div>\n\t\t\t\t<div class=\"elementor-element elementor-element-a6bb9d1 elementor-widget elementor-widget-heading\" data-id=\"a6bb9d1\" data-element_type=\"widget\" data-widget_type=\"heading.default\">\n\t\t\t\t<div class=\"elementor-widget-container\">\n\t\t\t<h2 class=\"elementor-heading-title elementor-size-default\">I.\tDatos Recopilados.<\/h2>\t\t<\/div>\n\t\t\t\t<\/div>\n\t\t\t\t<div class=\"elementor-element elementor-element-e381380 elementor-widget elementor-widget-text-editor\" data-id=\"e381380\" data-element_type=\"widget\" data-widget_type=\"text-editor.default\">\n\t\t\t\t<div class=\"elementor-widget-container\">\n\t\t\t\t\t\t\t<ul><li><a href=\"https:\/\/touchlatam.com\/\" target=\"_blank\" rel=\"noopener\">https:\/\/titask.com\/<\/a> recopila los datos de los interesados personas naturales y\/o jur\u00eddicas y\/o usuarios y\/o visitantes en general que hagan uso de este portal, a trav\u00e9s de dos mecanismos autom\u00e1ticos o manuales.<br \/><br \/><\/li><li>Los primeros dicen relaci\u00f3n con procesos inform\u00e1ticos realizados para generar registros de las actividades de los visitantes de sitios Web y cuyo objeto es establecer patrones de actividad, navegaci\u00f3n y audiencia, que no implican la identificaci\u00f3n personal de aquellos suscriptores, usuarios y\/o visitantes en general que accedan al sitio.<br \/><br \/><\/li><li>Los mecanismos manuales dicen relaci\u00f3n con los requerimientos formales y expresos de informaci\u00f3n a los interesados personas naturales y\/o jur\u00eddicas, suscriptores, usuarios y\/o visitantes que el mismo portal solicita y que implican la recolecci\u00f3n de datos personales tales como nombre, apellidos, domicilio, correo electr\u00f3nico, ocupaci\u00f3n, etc., los que, en todo caso, no ser\u00e1n recolectados sin su consentimiento o aceptaci\u00f3n previa.<br \/><br \/><\/li><\/ul><p>En este sentido, <a href=\"https:\/\/touchlatam.com\/\" target=\"_blank\" rel=\"noopener\">https:\/\/titask.com\/\/<\/a> se reserva el derecho de usar dicha informaci\u00f3n general, a fin de establecer criterios que mejoren los contenidos de este sitio y de sus servicios asociados.<\/p>\t\t\t\t\t\t<\/div>\n\t\t\t\t<\/div>\n\t\t\t\t<div class=\"elementor-element elementor-element-8a05819 elementor-widget elementor-widget-heading\" data-id=\"8a05819\" data-element_type=\"widget\" data-widget_type=\"heading.default\">\n\t\t\t\t<div class=\"elementor-widget-container\">\n\t\t\t<h2 class=\"elementor-heading-title elementor-size-default\">II. Sobre el tratamiento de los datos<\/h2>\t\t<\/div>\n\t\t\t\t<\/div>\n\t\t\t\t<div class=\"elementor-element elementor-element-d6aaaf7 elementor-widget elementor-widget-text-editor\" data-id=\"d6aaaf7\" data-element_type=\"widget\" data-widget_type=\"text-editor.default\">\n\t\t\t\t<div class=\"elementor-widget-container\">\n\t\t\t\t\t\t\t<ul><li>La informaci\u00f3n recopilada por medio de los mecanismos autom\u00e1ticos respecto de los suscriptores, usuarios y\/o visitantes del sitio web podr\u00e1n ser utilizados para definir y\/o proponer las ofertas de trabajo flexible y servicios y\/o patrones de actividad, navegaci\u00f3n, audiencia y caracterizaci\u00f3n general de este sistema.<br \/><br \/><\/li><li>Respecto de los datos personales de los usuarios, \u00e9stos ser\u00e1n tratados para los fines propios de los servicios de ofrece https:\/\/titask.com\/\u00a0y con el objeto de mejorar la calidad de informaci\u00f3n del portal y dar una mejor atenci\u00f3n y servicios del sitio y\/o de las entidades y\/o personas asociadas al mismo.<br \/><br \/><\/li><\/ul><p>De esta forma, al aceptar las presentes Pol\u00edticas de Privacidad, usted autoriza a https:\/\/titask.com\/ para:<\/p><ol><li>Utilizar sus datos personales con el objeto de vincular su ingreso con aquella labor es y\/o servicios que son de su inter\u00e9s y para mejorar la calidad de informaci\u00f3n del portal y dar una mejor atenci\u00f3n a los usuarios en relaci\u00f3n a los servicios ofrecidos, permitiendo que le sean entregadas propuestas comerciales, de servicios y\/o laborales de valor, gestionadas a trav\u00e9s de las empresas afiliadas y de ofertas a trav\u00e9s de nuestra p\u00e1gina web y aplicaciones m\u00f3viles vinculadas al programa.<br \/><br \/><\/li><li>Se hace presente que las empresas interesadas podr\u00e1n acceder \u00fanicamente a la informaci\u00f3n de los usuarios respecto de sus ofertas de empleo o servicios.<br \/><br \/><\/li><li>Comunicar a las entidades asociadas la informaci\u00f3n estad\u00edstica elaborada a partir de los datos personales de sus usuarios, cuando de dichos datos no sea posible identificar individualmente a los titulares (datos disociados), de conformidad a la Ley.<br \/><br \/><\/li><li>Igualmente, cuando el usuario env\u00ede mensajes de correo electr\u00f3nico u otras comunicaciones por intermedio de www.touchlatam.com, estar\u00e1 autorizando expresamente para conservar la informaci\u00f3n ah\u00ed contenida de modo de procesar sus consultas, responder a sus peticiones y mejorar sus servicios y para ponerse en contacto con \u00e9l y ofrecerle informaci\u00f3n sobre los servicios del Sitio y\/o sus marcas relacionadas.<\/li><\/ol><p><br \/>Sin perjuicio de lo anterior, https:\/\/titask.com\/\u00a0mantendr\u00e1 la debida confidencialidad de los datos personales y no los transmitir\u00e1 a terceros, salvo cuando se deban entregar en raz\u00f3n de un mandato legal o una orden emanada de los Tribunales de Justicia que as\u00ed lo requiera.<\/p>\t\t\t\t\t\t<\/div>\n\t\t\t\t<\/div>\n\t\t\t\t<div class=\"elementor-element elementor-element-beb051c elementor-widget-divider--view-line elementor-widget elementor-widget-divider\" data-id=\"beb051c\" data-element_type=\"widget\" data-widget_type=\"divider.default\">\n\t\t\t\t<div class=\"elementor-widget-container\">\n\t\t\t<style>\/*! elementor - v3.19.0 - 29-01-2024 *\/\n.elementor-widget-divider{--divider-border-style:none;--divider-border-width:1px;--divider-color:#0c0d0e;--divider-icon-size:20px;--divider-element-spacing:10px;--divider-pattern-height:24px;--divider-pattern-size:20px;--divider-pattern-url:none;--divider-pattern-repeat:repeat-x}.elementor-widget-divider .elementor-divider{display:flex}.elementor-widget-divider .elementor-divider__text{font-size:15px;line-height:1;max-width:95%}.elementor-widget-divider .elementor-divider__element{margin:0 var(--divider-element-spacing);flex-shrink:0}.elementor-widget-divider .elementor-icon{font-size:var(--divider-icon-size)}.elementor-widget-divider .elementor-divider-separator{display:flex;margin:0;direction:ltr}.elementor-widget-divider--view-line_icon .elementor-divider-separator,.elementor-widget-divider--view-line_text .elementor-divider-separator{align-items:center}.elementor-widget-divider--view-line_icon .elementor-divider-separator:after,.elementor-widget-divider--view-line_icon .elementor-divider-separator:before,.elementor-widget-divider--view-line_text .elementor-divider-separator:after,.elementor-widget-divider--view-line_text .elementor-divider-separator:before{display:block;content:\"\";border-block-end:0;flex-grow:1;border-block-start:var(--divider-border-width) var(--divider-border-style) var(--divider-color)}.elementor-widget-divider--element-align-left .elementor-divider .elementor-divider-separator>.elementor-divider__svg:first-of-type{flex-grow:0;flex-shrink:100}.elementor-widget-divider--element-align-left .elementor-divider-separator:before{content:none}.elementor-widget-divider--element-align-left .elementor-divider__element{margin-left:0}.elementor-widget-divider--element-align-right .elementor-divider .elementor-divider-separator>.elementor-divider__svg:last-of-type{flex-grow:0;flex-shrink:100}.elementor-widget-divider--element-align-right .elementor-divider-separator:after{content:none}.elementor-widget-divider--element-align-right .elementor-divider__element{margin-right:0}.elementor-widget-divider--element-align-start .elementor-divider .elementor-divider-separator>.elementor-divider__svg:first-of-type{flex-grow:0;flex-shrink:100}.elementor-widget-divider--element-align-start .elementor-divider-separator:before{content:none}.elementor-widget-divider--element-align-start .elementor-divider__element{margin-inline-start:0}.elementor-widget-divider--element-align-end .elementor-divider .elementor-divider-separator>.elementor-divider__svg:last-of-type{flex-grow:0;flex-shrink:100}.elementor-widget-divider--element-align-end .elementor-divider-separator:after{content:none}.elementor-widget-divider--element-align-end .elementor-divider__element{margin-inline-end:0}.elementor-widget-divider:not(.elementor-widget-divider--view-line_text):not(.elementor-widget-divider--view-line_icon) .elementor-divider-separator{border-block-start:var(--divider-border-width) var(--divider-border-style) var(--divider-color)}.elementor-widget-divider--separator-type-pattern{--divider-border-style:none}.elementor-widget-divider--separator-type-pattern.elementor-widget-divider--view-line .elementor-divider-separator,.elementor-widget-divider--separator-type-pattern:not(.elementor-widget-divider--view-line) .elementor-divider-separator:after,.elementor-widget-divider--separator-type-pattern:not(.elementor-widget-divider--view-line) .elementor-divider-separator:before,.elementor-widget-divider--separator-type-pattern:not([class*=elementor-widget-divider--view]) .elementor-divider-separator{width:100%;min-height:var(--divider-pattern-height);-webkit-mask-size:var(--divider-pattern-size) 100%;mask-size:var(--divider-pattern-size) 100%;-webkit-mask-repeat:var(--divider-pattern-repeat);mask-repeat:var(--divider-pattern-repeat);background-color:var(--divider-color);-webkit-mask-image:var(--divider-pattern-url);mask-image:var(--divider-pattern-url)}.elementor-widget-divider--no-spacing{--divider-pattern-size:auto}.elementor-widget-divider--bg-round{--divider-pattern-repeat:round}.rtl .elementor-widget-divider .elementor-divider__text{direction:rtl}.e-con-inner>.elementor-widget-divider,.e-con>.elementor-widget-divider{width:var(--container-widget-width,100%);--flex-grow:var(--container-widget-flex-grow)}<\/style>\t\t<div class=\"elementor-divider\">\n\t\t\t<span class=\"elementor-divider-separator\">\n\t\t\t\t\t\t<\/span>\n\t\t<\/div>\n\t\t\t\t<\/div>\n\t\t\t\t<\/div>\n\t\t\t\t<div class=\"elementor-element elementor-element-8c0e15c elementor-widget elementor-widget-heading\" data-id=\"8c0e15c\" data-element_type=\"widget\" data-widget_type=\"heading.default\">\n\t\t\t\t<div class=\"elementor-widget-container\">\n\t\t\t<h2 class=\"elementor-heading-title elementor-size-default\">III. Derechos del titular de los datos<\/h2>\t\t<\/div>\n\t\t\t\t<\/div>\n\t\t\t\t<div class=\"elementor-element elementor-element-da3fcdd elementor-widget elementor-widget-text-editor\" data-id=\"da3fcdd\" data-element_type=\"widget\" data-widget_type=\"text-editor.default\">\n\t\t\t\t<div class=\"elementor-widget-container\">\n\t\t\t\t\t\t\t<p>En todo momento, el usuario podr\u00e1 ejercer los derechos otorgados por la Ley N\u00ba19.628 y sus modificaciones posteriores. <br \/><br \/>En espec\u00edfico, podr\u00e1:<\/p><ol><li>Solicitar informaci\u00f3n respecto de los bancos de datos de que sea responsable https:\/\/titask.com\/, el fundamento jur\u00eddico de su existencia, su finalidad, tipos de datos almacenados y descripci\u00f3n del universo de personas que comprende.<br \/><br \/><\/li><li>Solicitar informaci\u00f3n sobre los datos relativos a su persona, su procedencia y destinatario, el prop\u00f3sito del almacenamiento y la individualizaci\u00f3n de las personas u organismos a los cuales sus datos son transmitidos regularmente.<br \/><br \/><\/li><li>Solicitar que se modifiquen sus datos personales cuando ellos no sean correctos o no est\u00e9n actualizados, si fuere procedente.<br \/><br \/><\/li><li>Solicitar la eliminaci\u00f3n o cancelaci\u00f3n de los datos entregados cuando as\u00ed lo desee, en tanto fuere procedente.<\/li><\/ol>\t\t\t\t\t\t<\/div>\n\t\t\t\t<\/div>\n\t\t\t\t\t<\/div>\n\t\t\t\t<\/div>\n\t\t\t\t<\/div>","protected":false},"excerpt":{"rendered":"<p>Pol\u00edticas de Privacidadtitask.com De conformidad a lo dispuesto en el art\u00edculo 19 N\u00ba 4 de la Constituci\u00f3n Pol\u00edtica de la Rep\u00fablica y la Ley N\u00ba 19.628 sobre \u201cProtecci\u00f3n de datos de car\u00e1cter personal\u201d se establecen e informan las siguientes Pol\u00edticas de Privacidad, en adelante la \u201cPol\u00edtica\u201d, aplicables al uso del sitio web https:\/\/titask.com El objetivo [&hellip;]<\/p>","protected":false},"author":1,"featured_media":0,"parent":0,"menu_order":0,"comment_status":"closed","ping_status":"closed","template":"","meta":{"content-type":"","inline_featured_image":false,"two_page_speed":[],"footnotes":""},"class_list":["post-4370","page","type-page","status-publish","hentry"],"yoast_head":"<!-- This site is optimized with the Yoast SEO Premium plugin v22.0 (Yoast SEO v22.0) - https:\/\/yoast.com\/wordpress\/plugins\/seo\/ -->\n<title>Pol\u00edticas de privacidad - Titask: Staffing On Demand | Personal solo cuando lo necesitas<\/title>\n<meta name=\"robots\" content=\"index, follow, max-snippet:-1, max-image-preview:large, max-video-preview:-1\" \/>\n<link rel=\"canonical\" href=\"https:\/\/titask.com\/pe\/politicas-de-privacidad\/\" \/>\n<meta property=\"og:locale\" content=\"es_ES\" \/>\n<meta property=\"og:type\" content=\"article\" \/>\n<meta property=\"og:title\" content=\"Pol\u00edticas de privacidad\" \/>\n<meta property=\"og:description\" content=\"Pol\u00edticas de Privacidadtitask.com De conformidad a lo dispuesto en el art\u00edculo 19 N\u00ba 4 de la Constituci\u00f3n Pol\u00edtica de la Rep\u00fablica y la Ley N\u00ba 19.628 sobre \u201cProtecci\u00f3n de datos de car\u00e1cter personal\u201d se establecen e informan las siguientes Pol\u00edticas de Privacidad, en adelante la \u201cPol\u00edtica\u201d, aplicables al uso del sitio web https:\/\/titask.com El objetivo [&hellip;]\" \/>\n<meta property=\"og:url\" content=\"https:\/\/titask.com\/pe\/politicas-de-privacidad\/\" \/>\n<meta property=\"og:site_name\" content=\"Titask: Staffing On Demand | Personal solo cuando lo necesitas\" \/>\n<meta property=\"article:publisher\" content=\"https:\/\/www.facebook.com\/Touchtask.cl\/?locale=es_LA\" \/>\n<meta property=\"article:modified_time\" content=\"2024-06-05T17:13:31+00:00\" \/>\n<meta name=\"twitter:card\" content=\"summary_large_image\" \/>\n<meta name=\"twitter:label1\" content=\"Est. reading time\" \/>\n\t<meta name=\"twitter:data1\" content=\"4 minutos\" \/>\n<script type=\"application\/ld+json\" class=\"yoast-schema-graph\">{\"@context\":\"https:\/\/schema.org\",\"@graph\":[{\"@type\":\"WebPage\",\"@id\":\"https:\/\/titask.com\/politicas-de-privacidad\/\",\"url\":\"https:\/\/titask.com\/politicas-de-privacidad\/\",\"name\":\"Pol\u00edticas de privacidad - Titask: Staffing On Demand | Personal solo cuando lo necesitas\",\"isPartOf\":{\"@id\":\"https:\/\/titask.com\/#website\"},\"datePublished\":\"2024-05-30T20:36:01+00:00\",\"dateModified\":\"2024-06-05T17:13:31+00:00\",\"breadcrumb\":{\"@id\":\"https:\/\/titask.com\/politicas-de-privacidad\/#breadcrumb\"},\"inLanguage\":\"es-PE\",\"potentialAction\":[{\"@type\":\"ReadAction\",\"target\":[\"https:\/\/titask.com\/politicas-de-privacidad\/\"]}]},{\"@type\":\"BreadcrumbList\",\"@id\":\"https:\/\/titask.com\/politicas-de-privacidad\/#breadcrumb\",\"itemListElement\":[{\"@type\":\"ListItem\",\"position\":1,\"name\":\"Portada\",\"item\":\"https:\/\/titask.com\/\"},{\"@type\":\"ListItem\",\"position\":2,\"name\":\"Pol\u00edticas de privacidad\"}]},{\"@type\":\"WebSite\",\"@id\":\"https:\/\/titask.com\/#website\",\"url\":\"https:\/\/titask.com\/\",\"name\":\"Titask: Staffing On Demand | Personal solo cuando lo necesitas\",\"description\":\"Ofrecemos servicios de Staffing On Demand para realizar tareas orientadas a solucionar tus principales problem\u00e1ticas operacionales.\",\"publisher\":{\"@id\":\"https:\/\/titask.com\/#organization\"},\"potentialAction\":[{\"@type\":\"SearchAction\",\"target\":{\"@type\":\"EntryPoint\",\"urlTemplate\":\"https:\/\/titask.com\/?s={search_term_string}\"},\"query-input\":\"required name=search_term_string\"}],\"inLanguage\":\"es-PE\"},{\"@type\":\"Organization\",\"@id\":\"https:\/\/titask.com\/#organization\",\"name\":\"Titask: Staffing On Demand | Personal solo cuando lo necesitas\",\"url\":\"https:\/\/titask.com\/\",\"logo\":{\"@type\":\"ImageObject\",\"inLanguage\":\"es-PE\",\"@id\":\"https:\/\/titask.com\/#\/schema\/logo\/image\/\",\"url\":\"https:\/\/titask.com\/wp-content\/uploads\/2023\/09\/TITASK-2.png\",\"contentUrl\":\"https:\/\/titask.com\/wp-content\/uploads\/2023\/09\/TITASK-2.png\",\"width\":1542,\"height\":535,\"caption\":\"Titask: Staffing On Demand | Personal solo cuando lo necesitas\"},\"image\":{\"@id\":\"https:\/\/titask.com\/#\/schema\/logo\/image\/\"},\"sameAs\":[\"https:\/\/www.facebook.com\/Touchtask.cl\/?locale=es_LA\"]}]}<\/script>\n<!-- \/ Yoast SEO Premium plugin. -->","yoast_head_json":{"title":"Pol\u00edticas de privacidad - Titask: Staffing On Demand | Personal solo cuando lo necesitas","robots":{"index":"index","follow":"follow","max-snippet":"max-snippet:-1","max-image-preview":"max-image-preview:large","max-video-preview":"max-video-preview:-1"},"canonical":"https:\/\/titask.com\/pe\/politicas-de-privacidad\/","og_locale":"es_ES","og_type":"article","og_title":"Pol\u00edticas de privacidad","og_description":"Pol\u00edticas de Privacidadtitask.com De conformidad a lo dispuesto en el art\u00edculo 19 N\u00ba 4 de la Constituci\u00f3n Pol\u00edtica de la Rep\u00fablica y la Ley N\u00ba 19.628 sobre \u201cProtecci\u00f3n de datos de car\u00e1cter personal\u201d se establecen e informan las siguientes Pol\u00edticas de Privacidad, en adelante la \u201cPol\u00edtica\u201d, aplicables al uso del sitio web https:\/\/titask.com El objetivo [&hellip;]","og_url":"https:\/\/titask.com\/pe\/politicas-de-privacidad\/","og_site_name":"Titask: Staffing On Demand | Personal solo cuando lo necesitas","article_publisher":"https:\/\/www.facebook.com\/Touchtask.cl\/?locale=es_LA","article_modified_time":"2024-06-05T17:13:31+00:00","twitter_card":"summary_large_image","twitter_misc":{"Est. reading time":"4 minutos"},"schema":{"@context":"https:\/\/schema.org","@graph":[{"@type":"WebPage","@id":"https:\/\/titask.com\/politicas-de-privacidad\/","url":"https:\/\/titask.com\/politicas-de-privacidad\/","name":"Pol\u00edticas de privacidad - Titask: Staffing On Demand | Personal solo cuando lo necesitas","isPartOf":{"@id":"https:\/\/titask.com\/#website"},"datePublished":"2024-05-30T20:36:01+00:00","dateModified":"2024-06-05T17:13:31+00:00","breadcrumb":{"@id":"https:\/\/titask.com\/politicas-de-privacidad\/#breadcrumb"},"inLanguage":"es-PE","potentialAction":[{"@type":"ReadAction","target":["https:\/\/titask.com\/politicas-de-privacidad\/"]}]},{"@type":"BreadcrumbList","@id":"https:\/\/titask.com\/politicas-de-privacidad\/#breadcrumb","itemListElement":[{"@type":"ListItem","position":1,"name":"Portada","item":"https:\/\/titask.com\/"},{"@type":"ListItem","position":2,"name":"Pol\u00edticas de privacidad"}]},{"@type":"WebSite","@id":"https:\/\/titask.com\/#website","url":"https:\/\/titask.com\/","name":"Titask: Staffing On Demand | Personal solo cuando lo necesitas","description":"Ofrecemos servicios de Staffing On Demand para realizar tareas orientadas a solucionar tus principales problem\u00e1ticas operacionales.","publisher":{"@id":"https:\/\/titask.com\/#organization"},"potentialAction":[{"@type":"SearchAction","target":{"@type":"EntryPoint","urlTemplate":"https:\/\/titask.com\/?s={search_term_string}"},"query-input":"required name=search_term_string"}],"inLanguage":"es-PE"},{"@type":"Organization","@id":"https:\/\/titask.com\/#organization","name":"Titask: Staffing On Demand | Personal solo cuando lo necesitas","url":"https:\/\/titask.com\/","logo":{"@type":"ImageObject","inLanguage":"es-PE","@id":"https:\/\/titask.com\/#\/schema\/logo\/image\/","url":"https:\/\/titask.com\/wp-content\/uploads\/2023\/09\/TITASK-2.png","contentUrl":"https:\/\/titask.com\/wp-content\/uploads\/2023\/09\/TITASK-2.png","width":1542,"height":535,"caption":"Titask: Staffing On Demand | Personal solo cuando lo necesitas"},"image":{"@id":"https:\/\/titask.com\/#\/schema\/logo\/image\/"},"sameAs":["https:\/\/www.facebook.com\/Touchtask.cl\/?locale=es_LA"]}]}},"_links":{"self":[{"href":"https:\/\/titask.com\/pe\/wp-json\/wp\/v2\/pages\/4370","targetHints":{"allow":["GET"]}}],"collection":[{"href":"https:\/\/titask.com\/pe\/wp-json\/wp\/v2\/pages"}],"about":[{"href":"https:\/\/titask.com\/pe\/wp-json\/wp\/v2\/types\/page"}],"author":[{"embeddable":true,"href":"https:\/\/titask.com\/pe\/wp-json\/wp\/v2\/users\/1"}],"replies":[{"embeddable":true,"href":"https:\/\/titask.com\/pe\/wp-json\/wp\/v2\/comments?post=4370"}],"version-history":[{"count":13,"href":"https:\/\/titask.com\/pe\/wp-json\/wp\/v2\/pages\/4370\/revisions"}],"predecessor-version":[{"id":4385,"href":"https:\/\/titask.com\/pe\/wp-json\/wp\/v2\/pages\/4370\/revisions\/4385"}],"wp:attachment":[{"href":"https:\/\/titask.com\/pe\/wp-json\/wp\/v2\/media?parent=4370"}],"curies":[{"name":"wp","href":"https:\/\/api.w.org\/{rel}","templated":true}]}}